{"id":526,"date":"2025-04-29T11:10:34","date_gmt":"2025-04-29T09:10:34","guid":{"rendered":"https:\/\/baz-photographie.com\/?page_id=526"},"modified":"2025-05-19T15:26:39","modified_gmt":"2025-05-19T13:26:39","slug":"atterrissage","status":"publish","type":"page","link":"https:\/\/baz-photographie.com\/index.php\/atterrissage\/","title":{"rendered":"atterrissage"},"content":{"rendered":"<div class=\"wp-block-image\">\n<figure class=\"aligncenter size-large\"><img loading=\"lazy\" decoding=\"async\" width=\"1024\" height=\"128\" src=\"https:\/\/baz-photographie.com\/wp-content\/uploads\/2025\/05\/separateur-1024x128.png\" alt=\"\" class=\"wp-image-645\" srcset=\"https:\/\/baz-photographie.com\/wp-content\/uploads\/2025\/05\/separateur-1024x128.png 1024w, https:\/\/baz-photographie.com\/wp-content\/uploads\/2025\/05\/separateur-300x38.png 300w, https:\/\/baz-photographie.com\/wp-content\/uploads\/2025\/05\/separateur-768x96.png 768w, https:\/\/baz-photographie.com\/wp-content\/uploads\/2025\/05\/separateur-1536x192.png 1536w, https:\/\/baz-photographie.com\/wp-content\/uploads\/2025\/05\/separateur-500x63.png 500w, https:\/\/baz-photographie.com\/wp-content\/uploads\/2025\/05\/separateur-800x100.png 800w, https:\/\/baz-photographie.com\/wp-content\/uploads\/2025\/05\/separateur-1280x160.png 1280w, https:\/\/baz-photographie.com\/wp-content\/uploads\/2025\/05\/separateur.png 1600w\" sizes=\"auto, (max-width: 1024px) 100vw, 1024px\" \/><\/figure>\n<\/div>\n\n<div class=\"wp-block-image\">\n<figure class=\"aligncenter size-full is-resized\"><img loading=\"lazy\" decoding=\"async\" width=\"375\" height=\"250\" src=\"https:\/\/baz-photographie.com\/wp-content\/uploads\/2025\/04\/portrait.png\" alt=\"\" class=\"wp-image-447\" style=\"width:143px;height:auto\" srcset=\"https:\/\/baz-photographie.com\/wp-content\/uploads\/2025\/04\/portrait.png 375w, https:\/\/baz-photographie.com\/wp-content\/uploads\/2025\/04\/portrait-300x200.png 300w\" sizes=\"auto, (max-width: 375px) 100vw, 375px\" \/><\/figure>\n<\/div>\n\n\n<div style=\"height:40px\" aria-hidden=\"true\" class=\"wp-block-spacer\"><\/div>\n\n\n\n<p class=\"has-text-align-center has-large-font-size\">Observer et photographier la Nature tous les jours me permet de trouver un \u00e9quilibre. <\/p>\n\n\n<div class=\"wp-block-image is-style-default\">\n<figure class=\"aligncenter size-full is-resized\"><img loading=\"lazy\" decoding=\"async\" width=\"562\" height=\"844\" src=\"https:\/\/baz-photographie.com\/wp-content\/uploads\/2025\/04\/lanton.jpg\" alt=\"\" class=\"wp-image-457\" style=\"width:338px;height:auto\" srcset=\"https:\/\/baz-photographie.com\/wp-content\/uploads\/2025\/04\/lanton.jpg 562w, https:\/\/baz-photographie.com\/wp-content\/uploads\/2025\/04\/lanton-200x300.jpg 200w, https:\/\/baz-photographie.com\/wp-content\/uploads\/2025\/04\/lanton-500x751.jpg 500w\" sizes=\"auto, (max-width: 562px) 100vw, 562px\" \/><\/figure>\n<\/div>\n\n\n<div style=\"height:28px\" aria-hidden=\"true\" class=\"wp-block-spacer\"><\/div>\n\n\n<div class=\"wp-block-image\">\n<figure class=\"aligncenter size-full is-resized\"><img loading=\"lazy\" decoding=\"async\" width=\"600\" height=\"600\" src=\"https:\/\/baz-photographie.com\/wp-content\/uploads\/2025\/05\/dragonfly.png\" alt=\"\" class=\"wp-image-576\" style=\"width:94px;height:auto\" srcset=\"https:\/\/baz-photographie.com\/wp-content\/uploads\/2025\/05\/dragonfly.png 600w, https:\/\/baz-photographie.com\/wp-content\/uploads\/2025\/05\/dragonfly-300x300.png 300w, https:\/\/baz-photographie.com\/wp-content\/uploads\/2025\/05\/dragonfly-150x150.png 150w, https:\/\/baz-photographie.com\/wp-content\/uploads\/2025\/05\/dragonfly-500x500.png 500w\" sizes=\"auto, (max-width: 600px) 100vw, 600px\" \/><\/figure>\n<\/div>\n\n\n<div class=\"wp-block-columns is-layout-flex wp-container-core-columns-is-layout-9d6595d7 wp-block-columns-is-layout-flex\">\n<div class=\"wp-block-column is-layout-flow wp-block-column-is-layout-flow\" style=\"flex-basis:100%\">\n<div class=\"wp-block-buttons has-custom-font-size has-normal-font-size is-content-justification-center is-nowrap is-layout-flex wp-container-core-buttons-is-layout-1fb9aab6 wp-block-buttons-is-layout-flex\">\n<div class=\"wp-block-button is-style-fill\"><a class=\"wp-block-button__link has-sitetext-color has-sitebg-background-color has-text-color has-background has-link-color has-large-font-size has-custom-font-size wp-element-button\" href=\"https:\/\/baz-photographie.com\/index.php\/presentation\/\" style=\"border-radius:0px\">Pr\u00e9sentation<\/a><\/div>\n<\/div>\n<\/div>\n<\/div>\n\n\n\n<div style=\"height:60px\" aria-hidden=\"true\" class=\"wp-block-spacer\"><\/div>\n\n\n<div class=\"wp-block-image\">\n<figure class=\"aligncenter size-large\"><img loading=\"lazy\" decoding=\"async\" width=\"1024\" height=\"128\" src=\"https:\/\/baz-photographie.com\/wp-content\/uploads\/2025\/05\/separateur-1024x128.png\" alt=\"\" class=\"wp-image-645\" srcset=\"https:\/\/baz-photographie.com\/wp-content\/uploads\/2025\/05\/separateur-1024x128.png 1024w, https:\/\/baz-photographie.com\/wp-content\/uploads\/2025\/05\/separateur-300x38.png 300w, https:\/\/baz-photographie.com\/wp-content\/uploads\/2025\/05\/separateur-768x96.png 768w, https:\/\/baz-photographie.com\/wp-content\/uploads\/2025\/05\/separateur-1536x192.png 1536w, https:\/\/baz-photographie.com\/wp-content\/uploads\/2025\/05\/separateur-500x63.png 500w, https:\/\/baz-photographie.com\/wp-content\/uploads\/2025\/05\/separateur-800x100.png 800w, https:\/\/baz-photographie.com\/wp-content\/uploads\/2025\/05\/separateur-1280x160.png 1280w, https:\/\/baz-photographie.com\/wp-content\/uploads\/2025\/05\/separateur.png 1600w\" sizes=\"auto, (max-width: 1024px) 100vw, 1024px\" \/><\/figure>\n<\/div>\n\n<div class=\"wp-block-image\">\n<figure class=\"aligncenter size-full is-resized\"><img loading=\"lazy\" decoding=\"async\" width=\"1000\" height=\"250\" src=\"https:\/\/baz-photographie.com\/wp-content\/uploads\/2025\/04\/traces.png\" alt=\"\" class=\"wp-image-497\" style=\"width:303px;height:auto\" srcset=\"https:\/\/baz-photographie.com\/wp-content\/uploads\/2025\/04\/traces.png 1000w, https:\/\/baz-photographie.com\/wp-content\/uploads\/2025\/04\/traces-300x75.png 300w, https:\/\/baz-photographie.com\/wp-content\/uploads\/2025\/04\/traces-768x192.png 768w, https:\/\/baz-photographie.com\/wp-content\/uploads\/2025\/04\/traces-500x125.png 500w, https:\/\/baz-photographie.com\/wp-content\/uploads\/2025\/04\/traces-800x200.png 800w\" sizes=\"auto, (max-width: 1000px) 100vw, 1000px\" \/><\/figure>\n<\/div>\n\n\n<div style=\"height:40px\" aria-hidden=\"true\" class=\"wp-block-spacer\"><\/div>\n\n\n\n<p class=\"has-text-align-center has-large-font-size\">D\u00e9couvrez mes sorties nature, voyages et aff\u00fbts.<\/p>\n\n\n<div class=\"wp-block-image\">\n<figure class=\"aligncenter size-full is-resized\"><img loading=\"lazy\" decoding=\"async\" width=\"600\" height=\"600\" src=\"https:\/\/baz-photographie.com\/wp-content\/uploads\/2025\/05\/deer.png\" alt=\"\" class=\"wp-image-578\" style=\"width:150px\" srcset=\"https:\/\/baz-photographie.com\/wp-content\/uploads\/2025\/05\/deer.png 600w, https:\/\/baz-photographie.com\/wp-content\/uploads\/2025\/05\/deer-300x300.png 300w, https:\/\/baz-photographie.com\/wp-content\/uploads\/2025\/05\/deer-150x150.png 150w, https:\/\/baz-photographie.com\/wp-content\/uploads\/2025\/05\/deer-500x500.png 500w\" sizes=\"auto, (max-width: 600px) 100vw, 600px\" \/><\/figure>\n<\/div>\n\n\n<div class=\"wp-block-buttons alignwide has-custom-font-size has-small-font-size is-content-justification-center is-layout-flex wp-container-core-buttons-is-layout-16018d1d wp-block-buttons-is-layout-flex\">\n<div class=\"wp-block-button is-style-fill\"><a class=\"wp-block-button__link has-sitetext-color has-sitebg-background-color has-text-color has-background has-link-color has-large-font-size has-custom-font-size wp-element-button\" href=\"https:\/\/baz-photographie.com\/index.php\/traces\/\">Traces<\/a><\/div>\n<\/div>\n\n\n\n<div style=\"height:130px\" aria-hidden=\"true\" class=\"wp-block-spacer\"><\/div>\n\n\n<div class=\"wp-block-image\">\n<figure class=\"aligncenter size-large\"><img loading=\"lazy\" decoding=\"async\" width=\"1024\" height=\"128\" src=\"https:\/\/baz-photographie.com\/wp-content\/uploads\/2025\/05\/separateur-1024x128.png\" alt=\"\" class=\"wp-image-645\" srcset=\"https:\/\/baz-photographie.com\/wp-content\/uploads\/2025\/05\/separateur-1024x128.png 1024w, https:\/\/baz-photographie.com\/wp-content\/uploads\/2025\/05\/separateur-300x38.png 300w, https:\/\/baz-photographie.com\/wp-content\/uploads\/2025\/05\/separateur-768x96.png 768w, https:\/\/baz-photographie.com\/wp-content\/uploads\/2025\/05\/separateur-1536x192.png 1536w, https:\/\/baz-photographie.com\/wp-content\/uploads\/2025\/05\/separateur-500x63.png 500w, https:\/\/baz-photographie.com\/wp-content\/uploads\/2025\/05\/separateur-800x100.png 800w, https:\/\/baz-photographie.com\/wp-content\/uploads\/2025\/05\/separateur-1280x160.png 1280w, https:\/\/baz-photographie.com\/wp-content\/uploads\/2025\/05\/separateur.png 1600w\" sizes=\"auto, (max-width: 1024px) 100vw, 1024px\" \/><\/figure>\n<\/div>\n\n<div class=\"wp-block-image\">\n<figure class=\"aligncenter size-full is-resized\"><img loading=\"lazy\" decoding=\"async\" width=\"375\" height=\"250\" src=\"https:\/\/baz-photographie.com\/wp-content\/uploads\/2025\/04\/expos.png\" alt=\"\" class=\"wp-image-538\" style=\"width:115px;height:auto\" srcset=\"https:\/\/baz-photographie.com\/wp-content\/uploads\/2025\/04\/expos.png 375w, https:\/\/baz-photographie.com\/wp-content\/uploads\/2025\/04\/expos-300x200.png 300w\" sizes=\"auto, (max-width: 375px) 100vw, 375px\" \/><\/figure>\n<\/div>\n\n\n<div style=\"height:40px\" aria-hidden=\"true\" class=\"wp-block-spacer\"><\/div>\n\n\n\n<p class=\"has-text-align-center has-large-font-size\">D\u00e9couvrez mon actualit\u00e9 expositions<\/p>\n\n\n<div class=\"wp-block-image\">\n<figure class=\"aligncenter size-full is-resized\"><img loading=\"lazy\" decoding=\"async\" width=\"600\" height=\"600\" src=\"https:\/\/baz-photographie.com\/wp-content\/uploads\/2025\/05\/mountain.png\" alt=\"\" class=\"wp-image-580\" style=\"width:150px\" srcset=\"https:\/\/baz-photographie.com\/wp-content\/uploads\/2025\/05\/mountain.png 600w, https:\/\/baz-photographie.com\/wp-content\/uploads\/2025\/05\/mountain-300x300.png 300w, https:\/\/baz-photographie.com\/wp-content\/uploads\/2025\/05\/mountain-150x150.png 150w, https:\/\/baz-photographie.com\/wp-content\/uploads\/2025\/05\/mountain-500x500.png 500w\" sizes=\"auto, (max-width: 600px) 100vw, 600px\" \/><\/figure>\n<\/div>\n\n\n<div class=\"wp-block-buttons is-content-justification-center is-layout-flex wp-container-core-buttons-is-layout-16018d1d wp-block-buttons-is-layout-flex\">\n<div class=\"wp-block-button is-style-fill\"><a class=\"wp-block-button__link has-sitetext-color has-sitebg-background-color has-text-color has-background has-link-color has-large-font-size has-custom-font-size wp-element-button\" href=\"https:\/\/baz-photographie.com\/index.php\/expos\/\">Expositions<\/a><\/div>\n<\/div>\n","protected":false},"excerpt":{"rendered":"<p>Observer et photographier la Nature tous les jours me permet de trouver un \u00e9quilibre. D\u00e9couvrez mes sorties nature, voyages et aff\u00fbts. D\u00e9couvrez mon actualit\u00e9 expositions<\/p>\n","protected":false},"author":1,"featured_media":0,"parent":0,"menu_order":0,"comment_status":"closed","ping_status":"closed","template":"","meta":{"_vp_format_video_url":"","_vp_image_focal_point":[],"footnotes":""},"class_list":["post-526","page","type-page","status-publish","hentry"],"_links":{"self":[{"href":"https:\/\/baz-photographie.com\/index.php\/wp-json\/wp\/v2\/pages\/526","targetHints":{"allow":["GET"]}}],"collection":[{"href":"https:\/\/baz-photographie.com\/index.php\/wp-json\/wp\/v2\/pages"}],"about":[{"href":"https:\/\/baz-photographie.com\/index.php\/wp-json\/wp\/v2\/types\/page"}],"author":[{"embeddable":true,"href":"https:\/\/baz-photographie.com\/index.php\/wp-json\/wp\/v2\/users\/1"}],"replies":[{"embeddable":true,"href":"https:\/\/baz-photographie.com\/index.php\/wp-json\/wp\/v2\/comments?post=526"}],"version-history":[{"count":38,"href":"https:\/\/baz-photographie.com\/index.php\/wp-json\/wp\/v2\/pages\/526\/revisions"}],"predecessor-version":[{"id":670,"href":"https:\/\/baz-photographie.com\/index.php\/wp-json\/wp\/v2\/pages\/526\/revisions\/670"}],"wp:attachment":[{"href":"https:\/\/baz-photographie.com\/index.php\/wp-json\/wp\/v2\/media?parent=526"}],"curies":[{"name":"wp","href":"https:\/\/api.w.org\/{rel}","templated":true}]}}