{"id":450,"date":"2025-04-28T09:55:01","date_gmt":"2025-04-28T07:55:01","guid":{"rendered":"https:\/\/baz-photographie.com\/?page_id=450"},"modified":"2025-04-28T10:36:42","modified_gmt":"2025-04-28T08:36:42","slug":"presentation","status":"publish","type":"page","link":"https:\/\/baz-photographie.com\/index.php\/presentation\/","title":{"rendered":"Pr\u00e9sentation"},"content":{"rendered":"<div class=\"wp-block-image\">\n<figure class=\"aligncenter size-full is-resized\"><img loading=\"lazy\" decoding=\"async\" width=\"375\" height=\"250\" src=\"https:\/\/baz-photographie.com\/wp-content\/uploads\/2025\/04\/portrait.png\" alt=\"\" class=\"wp-image-447\" style=\"width:121px;height:auto\" srcset=\"https:\/\/baz-photographie.com\/wp-content\/uploads\/2025\/04\/portrait.png 375w, https:\/\/baz-photographie.com\/wp-content\/uploads\/2025\/04\/portrait-300x200.png 300w\" sizes=\"auto, (max-width: 375px) 100vw, 375px\" \/><\/figure>\n<\/div>\n\n\n<div style=\"height:40px\" aria-hidden=\"true\" class=\"wp-block-spacer\"><\/div>\n\n\n\n<div class=\"wp-block-columns is-layout-flex wp-container-core-columns-is-layout-9d6595d7 wp-block-columns-is-layout-flex\">\n<div class=\"wp-block-column is-layout-flow wp-block-column-is-layout-flow\" style=\"flex-basis:100%\">\n<div class=\"wp-block-columns is-layout-flex wp-container-core-columns-is-layout-9d6595d7 wp-block-columns-is-layout-flex\">\n<div class=\"wp-block-column is-layout-flow wp-block-column-is-layout-flow\" style=\"flex-basis:66.66%\">\n<figure class=\"wp-block-image size-large is-resized\"><img loading=\"lazy\" decoding=\"async\" width=\"1024\" height=\"683\" src=\"https:\/\/baz-photographie.com\/wp-content\/uploads\/2025\/04\/portrait-1024x683.jpg\" alt=\"\" class=\"wp-image-451\" style=\"width:1261px;height:auto\" srcset=\"https:\/\/baz-photographie.com\/wp-content\/uploads\/2025\/04\/portrait-1024x683.jpg 1024w, https:\/\/baz-photographie.com\/wp-content\/uploads\/2025\/04\/portrait-500x333.jpg 500w, https:\/\/baz-photographie.com\/wp-content\/uploads\/2025\/04\/portrait-300x200.jpg 300w, https:\/\/baz-photographie.com\/wp-content\/uploads\/2025\/04\/portrait-768x512.jpg 768w, https:\/\/baz-photographie.com\/wp-content\/uploads\/2025\/04\/portrait-1536x1025.jpg 1536w, https:\/\/baz-photographie.com\/wp-content\/uploads\/2025\/04\/portrait-2048x1366.jpg 2048w, https:\/\/baz-photographie.com\/wp-content\/uploads\/2025\/04\/portrait-800x534.jpg 800w, https:\/\/baz-photographie.com\/wp-content\/uploads\/2025\/04\/portrait-1280x854.jpg 1280w, https:\/\/baz-photographie.com\/wp-content\/uploads\/2025\/04\/portrait-1920x1281.jpg 1920w, https:\/\/baz-photographie.com\/wp-content\/uploads\/2025\/04\/portrait-450x300.jpg 450w\" sizes=\"auto, (max-width: 1024px) 100vw, 1024px\" \/><\/figure>\n<\/div>\n\n\n\n<div class=\"wp-block-column is-layout-flow wp-block-column-is-layout-flow\" style=\"flex-basis:33.33%\">\n<p class=\"has-text-align-center has-large-font-size\">S&#8217;adonner \u00e0 la photographie animali\u00e8re est pour moi le moyen de m&#8217;apaiser, m\u00e9diter et me reconnecter \u00e0 un monde r\u00e9silient.<br><br>D\u00e9couvrir de nouveaux lieux avec l\u2019\u0153il tourn\u00e9 vers le sauvage me m\u00e8ne \u00e0 mettre en lumi\u00e8re le monde animal toujours bien pr\u00e9sent autour de nous.<br><br>Vous le faire d\u00e9couvrir par le biais de ce site, mes expos ou les r\u00e9seaux sociaux est pour moi le pr\u00e9texte pour sortir. <br><br>Observer le plus discr\u00e8tement, garder une \u00e9thique pour ne pas c\u00e9der aux nouvelles modes de la photo facile organis\u00e9e et garantie. <br><br>Telle est ma voie !<br><br>Merci de m&#8217;accompagner.<br><br>Si mon travail vous plait, que vous souhaitez accueillir mes expos ou vous offrir un tirage, n&#8217;h\u00e9sitez pas \u00e0 me contacter.<br><br>Fred aka Baz<\/p>\n\n\n<div class=\"wp-block-image\">\n<figure class=\"aligncenter size-full is-resized\"><img loading=\"lazy\" decoding=\"async\" width=\"512\" height=\"512\" src=\"https:\/\/baz-photographie.com\/wp-content\/uploads\/2025\/04\/cropped-logocarrenoir-1.png\" alt=\"\" class=\"wp-image-124\" style=\"aspect-ratio:16\/9;object-fit:cover;width:231px;height:auto\" srcset=\"https:\/\/baz-photographie.com\/wp-content\/uploads\/2025\/04\/cropped-logocarrenoir-1.png 512w, https:\/\/baz-photographie.com\/wp-content\/uploads\/2025\/04\/cropped-logocarrenoir-1-300x300.png 300w, https:\/\/baz-photographie.com\/wp-content\/uploads\/2025\/04\/cropped-logocarrenoir-1-150x150.png 150w, https:\/\/baz-photographie.com\/wp-content\/uploads\/2025\/04\/cropped-logocarrenoir-1-270x270.png 270w, https:\/\/baz-photographie.com\/wp-content\/uploads\/2025\/04\/cropped-logocarrenoir-1-192x192.png 192w, https:\/\/baz-photographie.com\/wp-content\/uploads\/2025\/04\/cropped-logocarrenoir-1-180x180.png 180w, https:\/\/baz-photographie.com\/wp-content\/uploads\/2025\/04\/cropped-logocarrenoir-1-32x32.png 32w\" sizes=\"auto, (max-width: 512px) 100vw, 512px\" \/><\/figure>\n<\/div><\/div>\n<\/div>\n<\/div>\n<\/div>\n","protected":false},"excerpt":{"rendered":"<p>S&#8217;adonner \u00e0 la photographie animali\u00e8re est pour moi le moyen de m&#8217;apaiser, m\u00e9diter et me reconnecter \u00e0 un monde r\u00e9silient. D\u00e9couvrir de nouveaux lieux avec &hellip;<\/p>\n","protected":false},"author":1,"featured_media":0,"parent":0,"menu_order":0,"comment_status":"closed","ping_status":"closed","template":"","meta":{"_vp_format_video_url":"","_vp_image_focal_point":[],"footnotes":""},"class_list":["post-450","page","type-page","status-publish","hentry"],"_links":{"self":[{"href":"https:\/\/baz-photographie.com\/index.php\/wp-json\/wp\/v2\/pages\/450","targetHints":{"allow":["GET"]}}],"collection":[{"href":"https:\/\/baz-photographie.com\/index.php\/wp-json\/wp\/v2\/pages"}],"about":[{"href":"https:\/\/baz-photographie.com\/index.php\/wp-json\/wp\/v2\/types\/page"}],"author":[{"embeddable":true,"href":"https:\/\/baz-photographie.com\/index.php\/wp-json\/wp\/v2\/users\/1"}],"replies":[{"embeddable":true,"href":"https:\/\/baz-photographie.com\/index.php\/wp-json\/wp\/v2\/comments?post=450"}],"version-history":[{"count":4,"href":"https:\/\/baz-photographie.com\/index.php\/wp-json\/wp\/v2\/pages\/450\/revisions"}],"predecessor-version":[{"id":492,"href":"https:\/\/baz-photographie.com\/index.php\/wp-json\/wp\/v2\/pages\/450\/revisions\/492"}],"wp:attachment":[{"href":"https:\/\/baz-photographie.com\/index.php\/wp-json\/wp\/v2\/media?parent=450"}],"curies":[{"name":"wp","href":"https:\/\/api.w.org\/{rel}","templated":true}]}}